{"id":2,"date":"2019-10-13T09:06:57","date_gmt":"2019-10-13T14:06:57","guid":{"rendered":"https:\/\/www.greattripworld.com\/?page_id=2"},"modified":"2025-11-25T12:40:58","modified_gmt":"2025-11-25T17:40:58","slug":"inicio","status":"publish","type":"page","link":"https:\/\/www.greattripworld.com\/es\/","title":{"rendered":"Inicio"},"content":{"rendered":"<h5 style=\"text-align: center;\"><span style=\"color: #20af00;\">Un viaje sin imprevistos<\/span><\/h5>\n<p style=\"text-align: center;\"><i class=\"icon icon-cogs\"><\/i><\/p>\n<p style=\"text-align: center;\">Trabajamos con los mejores proveedores locales de la regi\u00f3n para asegurarnos de que tu pr\u00f3ximo viaje sea una experiencia segura, personalizada, excepcional e inolvidable.<\/p>\n<h5 style=\"text-align: center;\"><span style=\"color: #20af00;\">No pagar\u00e1s de m\u00e1s<\/span><\/h5>\n<p style=\"text-align: center;\"><i class=\"icon icon-wallet\"><\/i><\/p>\n<p style=\"text-align: center;\">Nuestros precios no son mayores a los que encontrar\u00e1s en destino. No cobramos cargos por gesti\u00f3n y contamos con pol\u00edtica de anulaci\u00f3n gratuita para todas nuestras actividades.<\/p>\n<h5 style=\"text-align: center;\"><span style=\"color: #20af00;\">Atenci\u00f3n inmediata<\/span><\/h5>\n<p style=\"text-align: center;\"><i class=\"icon icon-users\"><\/i><\/p>\n<p style=\"text-align: center;\">Te acompa\u00f1amos antes, durante y despu\u00e9s de tu viaje para atender de manera inmediata todas tus dudas y requerimientos, en tu idioma y a trav\u00e9s del canal de atenci\u00f3n que t\u00fa prefieras.<\/p>\n","protected":false},"excerpt":{"rendered":"<p>Un viaje sin imprevistos Trabajamos con los mejores proveedores locales de la regi\u00f3n para asegurarnos de que tu pr\u00f3ximo viaje sea una experiencia segura, personalizada, excepcional e inolvidable. No pagar\u00e1s de m\u00e1s Nuestros precios no son mayores a los que encontrar\u00e1s en destino. No cobramos cargos por gesti\u00f3n y contamos con pol\u00edtica de anulaci\u00f3n gratuita [&hellip;]<\/p>\n","protected":false},"author":1,"featured_media":779,"parent":0,"menu_order":1,"comment_status":"closed","ping_status":"closed","template":"page-home.php","meta":{"_glsr_average":0,"_glsr_ranking":0,"_glsr_reviews":0,"footnotes":""},"class_list":["post-2","page","type-page","status-publish","has-post-thumbnail","hentry"],"yoast_head":"<!-- This site is optimized with the Yoast SEO plugin v26.6 - https:\/\/yoast.com\/wordpress\/plugins\/seo\/ -->\n<title>Great Trip World - Tour Peru, Bolivia, Puno, Cusco, Arequipa, Uyuni<\/title>\n<meta name=\"description\" content=\"Las maravillas de Per\u00fa, La ciudad perdida de los Incas, el Machu Picchu, Cuzco, Arequipa, Valle del Colca, Lago Titicaca, Uros, Taquile, Amantani, Sillustani, Chucuito, Juli, Aramumuru, Salar de Uyuni, La Reserva Nacional de Paracas, Islas Ballestas, L\u00edneas de Nazca.\" \/>\n<meta name=\"robots\" content=\"index, follow, max-snippet:-1, max-image-preview:large, max-video-preview:-1\" \/>\n<link rel=\"canonical\" href=\"https:\/\/www.greattripworld.com\/es\/\" \/>\n<meta property=\"og:locale\" content=\"es_ES\" \/>\n<meta property=\"og:type\" content=\"article\" \/>\n<meta property=\"og:title\" content=\"Great Trip World - Tour Peru, Bolivia, Puno, Cusco, Arequipa, Uyuni\" \/>\n<meta property=\"og:description\" content=\"Las maravillas de Per\u00fa, La ciudad perdida de los Incas, el Machu Picchu, Cuzco, Arequipa, Valle del Colca, Lago Titicaca, Uros, Taquile, Amantani, Sillustani, Chucuito, Juli, Aramumuru, Salar de Uyuni, La Reserva Nacional de Paracas, Islas Ballestas, L\u00edneas de Nazca.\" \/>\n<meta property=\"og:url\" content=\"https:\/\/www.greattripworld.com\/es\/\" \/>\n<meta property=\"og:site_name\" content=\"Great Trip World: Tour Peru - Bolivia\" \/>\n<meta property=\"article:modified_time\" content=\"2025-11-25T17:40:58+00:00\" \/>\n<meta property=\"og:image\" content=\"https:\/\/www.greattripworld.com\/wp-content\/uploads\/2020\/03\/uros-amantani-taquile-great-trip-titikaka_1.jpg\" \/>\n\t<meta property=\"og:image:width\" content=\"820\" \/>\n\t<meta property=\"og:image:height\" content=\"450\" \/>\n\t<meta property=\"og:image:type\" content=\"image\/jpeg\" \/>\n<meta name=\"twitter:card\" content=\"summary_large_image\" \/>\n<meta name=\"twitter:label1\" content=\"Tiempo de lectura\" \/>\n\t<meta name=\"twitter:data1\" content=\"1 minuto\" \/>\n<script type=\"application\/ld+json\" class=\"yoast-schema-graph\">{\"@context\":\"https:\/\/schema.org\",\"@graph\":[{\"@type\":\"WebPage\",\"@id\":\"https:\/\/www.greattripworld.com\/es\/\",\"url\":\"https:\/\/www.greattripworld.com\/es\/\",\"name\":\"Great Trip World - Tour Peru, Bolivia, Puno, Cusco, Arequipa, Uyuni\",\"isPartOf\":{\"@id\":\"https:\/\/www.greattripworld.com\/es\/#website\"},\"primaryImageOfPage\":{\"@id\":\"https:\/\/www.greattripworld.com\/es\/#primaryimage\"},\"image\":{\"@id\":\"https:\/\/www.greattripworld.com\/es\/#primaryimage\"},\"thumbnailUrl\":\"https:\/\/www.greattripworld.com\/wp-content\/uploads\/2020\/03\/uros-amantani-taquile-great-trip-titikaka_1.jpg\",\"datePublished\":\"2019-10-13T14:06:57+00:00\",\"dateModified\":\"2025-11-25T17:40:58+00:00\",\"description\":\"Las maravillas de Per\u00fa, La ciudad perdida de los Incas, el Machu Picchu, Cuzco, Arequipa, Valle del Colca, Lago Titicaca, Uros, Taquile, Amantani, Sillustani, Chucuito, Juli, Aramumuru, Salar de Uyuni, La Reserva Nacional de Paracas, Islas Ballestas, L\u00edneas de Nazca.\",\"breadcrumb\":{\"@id\":\"https:\/\/www.greattripworld.com\/es\/#breadcrumb\"},\"inLanguage\":\"es\",\"potentialAction\":[{\"@type\":\"ReadAction\",\"target\":[\"https:\/\/www.greattripworld.com\/es\/\"]}]},{\"@type\":\"ImageObject\",\"inLanguage\":\"es\",\"@id\":\"https:\/\/www.greattripworld.com\/es\/#primaryimage\",\"url\":\"https:\/\/www.greattripworld.com\/wp-content\/uploads\/2020\/03\/uros-amantani-taquile-great-trip-titikaka_1.jpg\",\"contentUrl\":\"https:\/\/www.greattripworld.com\/wp-content\/uploads\/2020\/03\/uros-amantani-taquile-great-trip-titikaka_1.jpg\",\"width\":820,\"height\":450},{\"@type\":\"BreadcrumbList\",\"@id\":\"https:\/\/www.greattripworld.com\/es\/#breadcrumb\",\"itemListElement\":[{\"@type\":\"ListItem\",\"position\":1,\"name\":\"Portada\",\"item\":\"https:\/\/www.greattripworld.com\/es\/\"},{\"@type\":\"ListItem\",\"position\":2,\"name\":\"Inicio\"}]},{\"@type\":\"WebSite\",\"@id\":\"https:\/\/www.greattripworld.com\/es\/#website\",\"url\":\"https:\/\/www.greattripworld.com\/es\/\",\"name\":\"Great Trip World: Tour Peru - Bolivia\",\"description\":\"GREAT TRIP &lt;span&gt;WORLD&lt;\/span&gt;\",\"publisher\":{\"@id\":\"https:\/\/www.greattripworld.com\/es\/#organization\"},\"potentialAction\":[{\"@type\":\"SearchAction\",\"target\":{\"@type\":\"EntryPoint\",\"urlTemplate\":\"https:\/\/www.greattripworld.com\/es\/?s={search_term_string}\"},\"query-input\":{\"@type\":\"PropertyValueSpecification\",\"valueRequired\":true,\"valueName\":\"search_term_string\"}}],\"inLanguage\":\"es\"},{\"@type\":\"Organization\",\"@id\":\"https:\/\/www.greattripworld.com\/es\/#organization\",\"name\":\"Great Trip World E.I.R.L.\",\"url\":\"https:\/\/www.greattripworld.com\/es\/\",\"logo\":{\"@type\":\"ImageObject\",\"inLanguage\":\"es\",\"@id\":\"https:\/\/www.greattripworld.com\/es\/#\/schema\/logo\/image\/\",\"url\":\"https:\/\/www.greattripworld.com\/wp-content\/uploads\/2024\/07\/logo.svg\",\"contentUrl\":\"https:\/\/www.greattripworld.com\/wp-content\/uploads\/2024\/07\/logo.svg\",\"width\":1972,\"height\":815,\"caption\":\"Great Trip World E.I.R.L.\"},\"image\":{\"@id\":\"https:\/\/www.greattripworld.com\/es\/#\/schema\/logo\/image\/\"}}]}<\/script>\n<!-- \/ Yoast SEO plugin. -->","yoast_head_json":{"title":"Great Trip World - Tour Peru, Bolivia, Puno, Cusco, Arequipa, Uyuni","description":"Las maravillas de Per\u00fa, La ciudad perdida de los Incas, el Machu Picchu, Cuzco, Arequipa, Valle del Colca, Lago Titicaca, Uros, Taquile, Amantani, Sillustani, Chucuito, Juli, Aramumuru, Salar de Uyuni, La Reserva Nacional de Paracas, Islas Ballestas, L\u00edneas de Nazca.","robots":{"index":"index","follow":"follow","max-snippet":"max-snippet:-1","max-image-preview":"max-image-preview:large","max-video-preview":"max-video-preview:-1"},"canonical":"https:\/\/www.greattripworld.com\/es\/","og_locale":"es_ES","og_type":"article","og_title":"Great Trip World - Tour Peru, Bolivia, Puno, Cusco, Arequipa, Uyuni","og_description":"Las maravillas de Per\u00fa, La ciudad perdida de los Incas, el Machu Picchu, Cuzco, Arequipa, Valle del Colca, Lago Titicaca, Uros, Taquile, Amantani, Sillustani, Chucuito, Juli, Aramumuru, Salar de Uyuni, La Reserva Nacional de Paracas, Islas Ballestas, L\u00edneas de Nazca.","og_url":"https:\/\/www.greattripworld.com\/es\/","og_site_name":"Great Trip World: Tour Peru - Bolivia","article_modified_time":"2025-11-25T17:40:58+00:00","og_image":[{"width":820,"height":450,"url":"https:\/\/www.greattripworld.com\/wp-content\/uploads\/2020\/03\/uros-amantani-taquile-great-trip-titikaka_1.jpg","type":"image\/jpeg"}],"twitter_card":"summary_large_image","twitter_misc":{"Tiempo de lectura":"1 minuto"},"schema":{"@context":"https:\/\/schema.org","@graph":[{"@type":"WebPage","@id":"https:\/\/www.greattripworld.com\/es\/","url":"https:\/\/www.greattripworld.com\/es\/","name":"Great Trip World - Tour Peru, Bolivia, Puno, Cusco, Arequipa, Uyuni","isPartOf":{"@id":"https:\/\/www.greattripworld.com\/es\/#website"},"primaryImageOfPage":{"@id":"https:\/\/www.greattripworld.com\/es\/#primaryimage"},"image":{"@id":"https:\/\/www.greattripworld.com\/es\/#primaryimage"},"thumbnailUrl":"https:\/\/www.greattripworld.com\/wp-content\/uploads\/2020\/03\/uros-amantani-taquile-great-trip-titikaka_1.jpg","datePublished":"2019-10-13T14:06:57+00:00","dateModified":"2025-11-25T17:40:58+00:00","description":"Las maravillas de Per\u00fa, La ciudad perdida de los Incas, el Machu Picchu, Cuzco, Arequipa, Valle del Colca, Lago Titicaca, Uros, Taquile, Amantani, Sillustani, Chucuito, Juli, Aramumuru, Salar de Uyuni, La Reserva Nacional de Paracas, Islas Ballestas, L\u00edneas de Nazca.","breadcrumb":{"@id":"https:\/\/www.greattripworld.com\/es\/#breadcrumb"},"inLanguage":"es","potentialAction":[{"@type":"ReadAction","target":["https:\/\/www.greattripworld.com\/es\/"]}]},{"@type":"ImageObject","inLanguage":"es","@id":"https:\/\/www.greattripworld.com\/es\/#primaryimage","url":"https:\/\/www.greattripworld.com\/wp-content\/uploads\/2020\/03\/uros-amantani-taquile-great-trip-titikaka_1.jpg","contentUrl":"https:\/\/www.greattripworld.com\/wp-content\/uploads\/2020\/03\/uros-amantani-taquile-great-trip-titikaka_1.jpg","width":820,"height":450},{"@type":"BreadcrumbList","@id":"https:\/\/www.greattripworld.com\/es\/#breadcrumb","itemListElement":[{"@type":"ListItem","position":1,"name":"Portada","item":"https:\/\/www.greattripworld.com\/es\/"},{"@type":"ListItem","position":2,"name":"Inicio"}]},{"@type":"WebSite","@id":"https:\/\/www.greattripworld.com\/es\/#website","url":"https:\/\/www.greattripworld.com\/es\/","name":"Great Trip World: Tour Peru - Bolivia","description":"GREAT TRIP &lt;span&gt;WORLD&lt;\/span&gt;","publisher":{"@id":"https:\/\/www.greattripworld.com\/es\/#organization"},"potentialAction":[{"@type":"SearchAction","target":{"@type":"EntryPoint","urlTemplate":"https:\/\/www.greattripworld.com\/es\/?s={search_term_string}"},"query-input":{"@type":"PropertyValueSpecification","valueRequired":true,"valueName":"search_term_string"}}],"inLanguage":"es"},{"@type":"Organization","@id":"https:\/\/www.greattripworld.com\/es\/#organization","name":"Great Trip World E.I.R.L.","url":"https:\/\/www.greattripworld.com\/es\/","logo":{"@type":"ImageObject","inLanguage":"es","@id":"https:\/\/www.greattripworld.com\/es\/#\/schema\/logo\/image\/","url":"https:\/\/www.greattripworld.com\/wp-content\/uploads\/2024\/07\/logo.svg","contentUrl":"https:\/\/www.greattripworld.com\/wp-content\/uploads\/2024\/07\/logo.svg","width":1972,"height":815,"caption":"Great Trip World E.I.R.L."},"image":{"@id":"https:\/\/www.greattripworld.com\/es\/#\/schema\/logo\/image\/"}}]}},"_links":{"self":[{"href":"https:\/\/www.greattripworld.com\/es\/wp-json\/wp\/v2\/pages\/2","targetHints":{"allow":["GET"]}}],"collection":[{"href":"https:\/\/www.greattripworld.com\/es\/wp-json\/wp\/v2\/pages"}],"about":[{"href":"https:\/\/www.greattripworld.com\/es\/wp-json\/wp\/v2\/types\/page"}],"author":[{"embeddable":true,"href":"https:\/\/www.greattripworld.com\/es\/wp-json\/wp\/v2\/users\/1"}],"replies":[{"embeddable":true,"href":"https:\/\/www.greattripworld.com\/es\/wp-json\/wp\/v2\/comments?post=2"}],"version-history":[{"count":0,"href":"https:\/\/www.greattripworld.com\/es\/wp-json\/wp\/v2\/pages\/2\/revisions"}],"wp:featuredmedia":[{"embeddable":true,"href":"https:\/\/www.greattripworld.com\/es\/wp-json\/wp\/v2\/media\/779"}],"wp:attachment":[{"href":"https:\/\/www.greattripworld.com\/es\/wp-json\/wp\/v2\/media?parent=2"}],"curies":[{"name":"wp","href":"https:\/\/api.w.org\/{rel}","templated":true}]}}