{"id":1230,"date":"2020-01-18T10:56:20","date_gmt":"2020-01-18T15:56:20","guid":{"rendered":"https:\/\/www.greattripworld.com\/es\/?page_id=1230"},"modified":"2025-11-25T14:02:15","modified_gmt":"2025-11-25T19:02:15","slug":"cusco-vip-sacred-valley-buffet-lunch-full-day-group-service","status":"publish","type":"page","link":"https:\/\/www.greattripworld.com\/es\/tours-cusco\/cusco-classic-tours\/cusco-vip-sacred-valley-buffet-lunch-full-day-group-service\/","title":{"rendered":"CUSCO: VALLE SAGRADO VIP + ALMUERZO BUFFET (full day) SERVICIO EN GRUPO"},"content":{"rendered":"<p>Para aquellos que quieran aprovechar al m\u00e1ximo su tiempo y visitar todo el Valle Sagrado de los Incas en un solo un d\u00eda, traemos el Valle Sagrado VIP, diferenci\u00e1ndose del valle sagrado full day en la visita de Maras y Moray.<\/p>\n<p><!--more--><\/p>\n<div class=\"in-block no-border\">\n<div id=\"ph-multi-1230\" class=\"carousel ph-slider tour-slider slide\" data-ride=\"carousel\" data-interval=\"4000\" data-pause=\"hover\">\n<ol class=\"carousel-indicators\">\n<li data-target=\"#ph-multi-1230\" data-slide-to=\"0\" class=\"active\"><\/li>\n<li data-target=\"#ph-multi-1230\" data-slide-to=\"1\"><\/li>\n<li data-target=\"#ph-multi-1230\" data-slide-to=\"2\"><\/li>\n<li data-target=\"#ph-multi-1230\" data-slide-to=\"3\"><\/li>\n<li data-target=\"#ph-multi-1230\" data-slide-to=\"4\"><\/li>\n<li data-target=\"#ph-multi-1230\" data-slide-to=\"5\"><\/li>\n<\/ol>\n<div class=\"carousel-inner\" role=\"listbox\">\n<div class=\"slide-loader\"><\/div>\n<div class=\"item active\"><img loading=\"lazy\" decoding=\"async\" class=\"alignnone size-full wp-image-1261\" src=\"https:\/\/www.greattripworld.com\/wp-content\/uploads\/2024\/01\/pisac-vallesagrado-cusco.jpg\" alt=\"\" width=\"820\" height=\"450\" srcset=\"https:\/\/www.greattripworld.com\/wp-content\/uploads\/2024\/01\/pisac-vallesagrado-cusco.jpg 820w, https:\/\/www.greattripworld.com\/wp-content\/uploads\/2024\/01\/pisac-vallesagrado-cusco-600x329.jpg 600w, https:\/\/www.greattripworld.com\/wp-content\/uploads\/2024\/01\/pisac-vallesagrado-cusco-768x421.jpg 768w, https:\/\/www.greattripworld.com\/wp-content\/uploads\/2024\/01\/pisac-vallesagrado-cusco-60x33.jpg 60w\" sizes=\"auto, (max-width: 820px) 100vw, 820px\" \/> <\/div>\n<div class=\"item\"><img loading=\"lazy\" decoding=\"async\" class=\"alignnone size-full wp-image-840\" src=\"https:\/\/www.greattripworld.com\/wp-content\/uploads\/2020\/03\/cusco-qoricancha-valle-sagrado_3.jpg\" alt=\"\" width=\"820\" height=\"450\" srcset=\"https:\/\/www.greattripworld.com\/wp-content\/uploads\/2020\/03\/cusco-qoricancha-valle-sagrado_3.jpg 820w, https:\/\/www.greattripworld.com\/wp-content\/uploads\/2020\/03\/cusco-qoricancha-valle-sagrado_3-600x329.jpg 600w, https:\/\/www.greattripworld.com\/wp-content\/uploads\/2020\/03\/cusco-qoricancha-valle-sagrado_3-768x421.jpg 768w, https:\/\/www.greattripworld.com\/wp-content\/uploads\/2020\/03\/cusco-qoricancha-valle-sagrado_3-60x33.jpg 60w\" sizes=\"auto, (max-width: 820px) 100vw, 820px\" \/> <\/div>\n<div class=\"item\"><img loading=\"lazy\" decoding=\"async\" class=\"alignnone size-full wp-image-837\" src=\"https:\/\/www.greattripworld.com\/wp-content\/uploads\/2020\/03\/cusco-maras-valle-sagrado_3.jpg\" alt=\"\" width=\"820\" height=\"450\" srcset=\"https:\/\/www.greattripworld.com\/wp-content\/uploads\/2020\/03\/cusco-maras-valle-sagrado_3.jpg 820w, https:\/\/www.greattripworld.com\/wp-content\/uploads\/2020\/03\/cusco-maras-valle-sagrado_3-600x329.jpg 600w, https:\/\/www.greattripworld.com\/wp-content\/uploads\/2020\/03\/cusco-maras-valle-sagrado_3-768x421.jpg 768w, https:\/\/www.greattripworld.com\/wp-content\/uploads\/2020\/03\/cusco-maras-valle-sagrado_3-60x33.jpg 60w\" sizes=\"auto, (max-width: 820px) 100vw, 820px\" \/> <\/div>\n<div class=\"item\"><img loading=\"lazy\" decoding=\"async\" class=\"alignnone size-full wp-image-1138\" src=\"https:\/\/www.greattripworld.com\/wp-content\/uploads\/2023\/11\/Cusco-Maras-Moray.jpg\" alt=\"maras y moray\" width=\"820\" height=\"450\" srcset=\"https:\/\/www.greattripworld.com\/wp-content\/uploads\/2023\/11\/Cusco-Maras-Moray.jpg 820w, https:\/\/www.greattripworld.com\/wp-content\/uploads\/2023\/11\/Cusco-Maras-Moray-600x329.jpg 600w, https:\/\/www.greattripworld.com\/wp-content\/uploads\/2023\/11\/Cusco-Maras-Moray-768x421.jpg 768w, https:\/\/www.greattripworld.com\/wp-content\/uploads\/2023\/11\/Cusco-Maras-Moray-60x33.jpg 60w\" sizes=\"auto, (max-width: 820px) 100vw, 820px\" \/> <\/div>\n<div class=\"item\"><img loading=\"lazy\" decoding=\"async\" class=\"alignnone size-full wp-image-1150\" src=\"https:\/\/www.greattripworld.com\/wp-content\/uploads\/2023\/11\/OLLANTAYTAMBO-1.jpg\" alt=\"\" width=\"820\" height=\"450\" srcset=\"https:\/\/www.greattripworld.com\/wp-content\/uploads\/2023\/11\/OLLANTAYTAMBO-1.jpg 820w, https:\/\/www.greattripworld.com\/wp-content\/uploads\/2023\/11\/OLLANTAYTAMBO-1-600x329.jpg 600w, https:\/\/www.greattripworld.com\/wp-content\/uploads\/2023\/11\/OLLANTAYTAMBO-1-768x421.jpg 768w, https:\/\/www.greattripworld.com\/wp-content\/uploads\/2023\/11\/OLLANTAYTAMBO-1-60x33.jpg 60w\" sizes=\"auto, (max-width: 820px) 100vw, 820px\" \/> <\/div>\n<div class=\"item\"><img loading=\"lazy\" decoding=\"async\" class=\"alignnone size-full wp-image-847\" src=\"https:\/\/www.greattripworld.com\/wp-content\/uploads\/2020\/03\/cusco-valle-sagrado-montana-colores_7.jpg\" alt=\"\" width=\"820\" height=\"450\" srcset=\"https:\/\/www.greattripworld.com\/wp-content\/uploads\/2020\/03\/cusco-valle-sagrado-montana-colores_7.jpg 820w, https:\/\/www.greattripworld.com\/wp-content\/uploads\/2020\/03\/cusco-valle-sagrado-montana-colores_7-600x329.jpg 600w, https:\/\/www.greattripworld.com\/wp-content\/uploads\/2020\/03\/cusco-valle-sagrado-montana-colores_7-768x421.jpg 768w, https:\/\/www.greattripworld.com\/wp-content\/uploads\/2020\/03\/cusco-valle-sagrado-montana-colores_7-60x33.jpg 60w\" sizes=\"auto, (max-width: 820px) 100vw, 820px\" \/><\/p>\n<\/div>\n<p><a class=\"carousel-control left\" href=\"#ph-multi-1230\" data-slide=\"prev\"><i class=\"icon icon-arrow-left\"><\/i><\/a><a class=\"carousel-control right\" href=\"#ph-multi-1230\" data-slide=\"next\"><i class=\"icon icon-arrow-right\"><\/i><\/a><\/div>\n<\/div>\n<\/div>\n<nav id=\"menu-anchor\" class=\"menu-anchor\">\n<div class=\"container-fluid\">\n<ul class=\"tab-navi\">\n<li id=\"item-1\" class=\"tab-item\"><a href=\"javascript:void(0)\">Resumen<\/a><\/li>\n<li id=\"item-2\" class=\"tab-item\"><a href=\"javascript:void(0)\"> Incluye<\/a><\/li>\n<li id=\"item-3\" class=\"tab-item\"><a href=\"javascript:void(0)\"> Qu\u00e9 llevar<\/a><\/li>\n<li id=\"item-4\" class=\"tab-item\"><a href=\"javascript:void(0)\"> Precios<\/a><\/li>\n<li id=\"item-5\" class=\"tab-item\"><a href=\"javascript:void(0)\"> Itinerario<\/a><\/li>\n<li id=\"item-testimonials\" class=\"tab-item\"><a href=\"javascript:void(0)\"> Rese\u00f1as<\/a><\/li>\n<\/ul>\n<\/div>\n<\/nav>\n<h3>RESUMEN:<\/h3>\n<h1 class=\"page-title \">CUSCO: VALLE SAGRADO VIP + ALMUERZO BUFFET (full day) SERVICIO EN GRUPO<\/h1>\n<div class=\"glsr glsr-default\" id=\"glsr_46dcab2b\" data-from=\"shortcode\" data-shortcode=\"site_reviews_summary\" data-hide=\"rating\">\n<div class=\"glsr-summary-wrap\">\n<div class=\"glsr-summary\">\n<div class=\"glsr-summary-stars\">\n<div class=\"glsr-star-rating glsr-stars\" role=\"img\" aria-label=\"Valorado con 0 de 5 estrellas\" data-rating=\"0\" data-reviews=\"0\"><span class=\"glsr-star glsr-star-empty\" aria-hidden=\"true\"><\/span><span class=\"glsr-star glsr-star-empty\" aria-hidden=\"true\"><\/span><span class=\"glsr-star glsr-star-empty\" aria-hidden=\"true\"><\/span><span class=\"glsr-star glsr-star-empty\" aria-hidden=\"true\"><\/span><span class=\"glsr-star glsr-star-empty\" aria-hidden=\"true\"><\/span><\/div>\n<\/div>\n<div class=\"glsr-summary-text\"><span class=\"glsr-tag-value\">0,0 de 5 estrellas (basado en 0 rese\u00f1as)<\/span><\/div>\n<div class=\"glsr-summary-percentages\">\n<div class=\"glsr-bar\" data-level=\"5\"><span class=\"glsr-bar-label\">Excelente<\/span><span class=\"glsr-bar-background\"><span class=\"glsr-bar-background-percent\" style=\"width:0%\"><\/span><\/span><span class=\"glsr-bar-percent\">0%<\/span><\/div>\n<div class=\"glsr-bar\" data-level=\"4\"><span class=\"glsr-bar-label\">Muy buena<\/span><span class=\"glsr-bar-background\"><span class=\"glsr-bar-background-percent\" style=\"width:0%\"><\/span><\/span><span class=\"glsr-bar-percent\">0%<\/span><\/div>\n<div class=\"glsr-bar\" data-level=\"3\"><span class=\"glsr-bar-label\">Media<\/span><span class=\"glsr-bar-background\"><span class=\"glsr-bar-background-percent\" style=\"width:0%\"><\/span><\/span><span class=\"glsr-bar-percent\">0%<\/span><\/div>\n<div class=\"glsr-bar\" data-level=\"2\"><span class=\"glsr-bar-label\">Mala<\/span><span class=\"glsr-bar-background\"><span class=\"glsr-bar-background-percent\" style=\"width:0%\"><\/span><\/span><span class=\"glsr-bar-percent\">0%<\/span><\/div>\n<div class=\"glsr-bar\" data-level=\"1\"><span class=\"glsr-bar-label\">Muy mala<\/span><span class=\"glsr-bar-background\"><span class=\"glsr-bar-background-percent\" style=\"width:0%\"><\/span><\/span><span class=\"glsr-bar-percent\">0%<\/span><\/div>\n<\/div><\/div>\n<\/div>\n<\/div>\n<div class=\"row\">\n<div class=\"col-sm-12\">\n<p class=\"condition-wrap\"><span class=\"badge badge-orange\"><i class=\"icon icon-check\"><\/i> Servicio operativo<\/span><span class=\"badge badge-green-dark ph-tooltip ph-tooltip-medium\" data-title=\"Si anulas tu reserva hasta 48 horas antes del inicio de la actividad, te devolveremos el 100% del adelanto que pagaste para realizar la reserva.\">Anulaci\u00f3n gratuita<\/span><span class=\"badge badge-green ph-tooltip ph-tooltip-medium\" data-title=\"Puedes reprogramar tu reserva sin costo adicional hasta 48 horas antes del inicio de la actividad.\">Reprogramaci\u00f3n gratuita<\/span><\/p>\n<\/div>\n<\/div>\n<p>Para aquellos que quieran aprovechar al m\u00e1ximo su tiempo y visitar todo el Valle Sagrado de los Incas en un solo un d\u00eda, traemos el Valle Sagrado VIP, diferenci\u00e1ndose del valle sagrado full day en la visita de Maras y Moray.<\/p>\n<hr \/>\n<div class=\"row\">\n<div class=\"col-sm-4 tour-summary\">\n<h5 class=\"summary-title\"><i class=\"icon icon-dollars\"><\/i> Precio por persona<\/h5>\n<p class=\"summary-price\"><b>Desde:<\/b> USD 32.00<\/p>\n<\/div>\n<div class=\"col-sm-4 tour-summary\">\n<h5 class=\"summary-title\"><i class=\"icon icon-clock\"><\/i> Horarios<\/h5>\n<ul class=\"summary-price\">\n<li>6:30 AM a 5:00 PM<\/li>\n<\/ul>\n<\/div>\n<div class=\"col-sm-4 tour-summary\">\n<h5 class=\"summary-title\"><i class=\"icon icon-dollars\"><\/i> Duraci\u00f3n<\/h5>\n<p class=\"summary-price\">10 horas y media aprox. <\/p>\n<\/div>\n<\/div>\n<hr \/>\n<h3><span style=\"color: #167d00;\">NUESTROS SERVICIOS INCLUYEN \/ NO INCLUYEN:<\/span><\/h3>\n<div class=\"row\">\n<div class=\"col-sm-6 column yes\">\n<ul>\n<li>Recojo desde su Hotel.<\/li>\n<li>Gu\u00eda profesional ingl\u00e9s \/ espa\u00f1ol<\/li>\n<li>Almuerzo buffet t\u00edpico<\/li>\n<li>Transporte tur\u00edstico en grupo.<\/li>\n<li>Todos los traslados.<\/li>\n<\/ul>\n<\/div>\n<div class=\"col-sm-6 column not\">\n<ul>\n<li>Gastos no mencionados.<\/li>\n<li><strong>BCT: Boleto tur\u00edstico <\/strong><\/li>\n<li>Boleto integral tur\u00edstico, Si adem\u00e1s del City tour visitar\u00e1 el Valle Sagrado (Peruano S\/70. Soles) (extranjero S\/ 130. Soles)<\/li>\n<\/ul>\n<\/div>\n<\/div>\n<hr \/>\n<h3><span style=\"color: #167d00;\">RECOMENDACIONES:<\/span><\/h3>\n<ul>\n<li>Zapatos y ropa ligera.<\/li>\n<li>C\u00e1mara fotogr\u00e1fica.<\/li>\n<li>Bloqueador solar y gorra.<\/li>\n<li>Dinero en efectivo para compras.<\/li>\n<\/ul>\n<hr \/>\n<h3><span style=\"color: #008000;\">PRECIOS:<\/span><\/h3>\n<p>Precio Valle Sagrado de los Incas full day:<\/p>\n<ul>\n<li>Adulto:\u00a0 \u00a0 \u00a0 \u00a0 \u00a0 \u00a0 \u00a0 \u00a0 \u00a0 \u00a0 \u00a0 \u00a0 \u00a0 \u00a0 \u00a0 \u00a0US$ 32. por persona.<\/li>\n<li>Ni\u00f1o (6 a 12 a\u00f1os):\u00a0 \u00a0 \u00a0 \u00a0 \u00a0 \u00a0 \u00a0US$ 29 por persona<\/li>\n<li>Infante (0 a 5 a\u00f1os):\u00a0 \u00a0 \u00a0 \u00a0 \u00a0 \u00a0 Sin cargo<\/li>\n<\/ul>\n<hr \/>\n<h3><span style=\"color: #167d00;\">ITINERARIO:<\/span><\/h3>\n<p>06:25h. \u2013 06:50h.\u00a0 Recojo desde su Hotel, para luego dirigirnos a Chinchero donde las familias a\u00fan conservan sus costumbres tradicionales.<\/p>\n<p><strong>Moray<\/strong>,\u00a0 considerado uno de los laboratorios de experimentaci\u00f3n agr\u00edcola, sorprendente con sus terrazas circulares que probablemente son testigos de la evoluci\u00f3n gen\u00e9tica de muchos productos andinos adaptados a condiciones clim\u00e1ticas propios de la regi\u00f3n. <strong>Salineras de Maras<\/strong>, un \u00e1rea espectacular con protuberancias de sal, provenientes de las monta\u00f1as que hasta el d\u00eda de hoy se extraen de manera artesanal, el calor humano que trabaja tambi\u00e9n es acogedor.<\/p>\n<p><strong>Ollantaytambo,<\/strong> uno de los complejos arquitect\u00f3nicos m\u00e1s importantes del Imperio Inca y uno de los pocos lugares donde los conquistadores espa\u00f1oles perdieron una batalla, famoso por sus terrazas construidas en las laderas de las monta\u00f1as con fines agr\u00edcolas.<\/p>\n<p><strong>Pisac<\/strong>, es un centro de administraci\u00f3n de las tierras del sol, tierras del inka y tierras del pueblo, famosos por la textiler\u00eda y su dominio visual del valle sagrado vip.<\/p>\n","protected":false},"excerpt":{"rendered":"<p>Para aquellos que quieran aprovechar al m\u00e1ximo su tiempo y visitar todo el Valle Sagrado de los Incas en un solo un d\u00eda, traemos el Valle Sagrado VIP, diferenci\u00e1ndose del valle sagrado full day en la visita de Maras y Moray.<\/p>\n","protected":false},"author":2,"featured_media":847,"parent":1076,"menu_order":8,"comment_status":"closed","ping_status":"closed","template":"page-tour.php","meta":{"_glsr_average":0,"_glsr_ranking":0,"_glsr_reviews":0,"footnotes":""},"class_list":["post-1230","page","type-page","status-publish","has-post-thumbnail","hentry"],"yoast_head":"<!-- This site is optimized with the Yoast SEO plugin v26.6 - https:\/\/yoast.com\/wordpress\/plugins\/seo\/ -->\n<title>CUSCO: VALLE SAGRADO VIP + ALMUERZO BUFFET (full day) SERVICIO EN GRUPO | Great Trip World: Tour Peru - Bolivia<\/title>\n<meta name=\"robots\" content=\"index, follow, max-snippet:-1, max-image-preview:large, max-video-preview:-1\" \/>\n<link rel=\"canonical\" href=\"https:\/\/www.greattripworld.com\/es\/tours-cusco\/cusco-classic-tours\/cusco-vip-sacred-valley-buffet-lunch-full-day-group-service\/\" \/>\n<meta property=\"og:locale\" content=\"es_ES\" \/>\n<meta property=\"og:type\" content=\"article\" \/>\n<meta property=\"og:title\" content=\"CUSCO: VALLE SAGRADO VIP + ALMUERZO BUFFET (full day) SERVICIO EN GRUPO | Great Trip World: Tour Peru - Bolivia\" \/>\n<meta property=\"og:description\" content=\"Para aquellos que quieran aprovechar al m\u00e1ximo su tiempo y visitar todo el Valle Sagrado de los Incas en un solo un d\u00eda, traemos el Valle Sagrado VIP, diferenci\u00e1ndose del valle sagrado full day en la visita de Maras y Moray.\" \/>\n<meta property=\"og:url\" content=\"https:\/\/www.greattripworld.com\/es\/tours-cusco\/cusco-classic-tours\/cusco-vip-sacred-valley-buffet-lunch-full-day-group-service\/\" \/>\n<meta property=\"og:site_name\" content=\"Great Trip World: Tour Peru - Bolivia\" \/>\n<meta property=\"article:modified_time\" content=\"2025-11-25T19:02:15+00:00\" \/>\n<meta property=\"og:image\" content=\"https:\/\/www.greattripworld.com\/wp-content\/uploads\/2020\/03\/cusco-valle-sagrado-montana-colores_7.jpg\" \/>\n\t<meta property=\"og:image:width\" content=\"820\" \/>\n\t<meta property=\"og:image:height\" content=\"450\" \/>\n\t<meta property=\"og:image:type\" content=\"image\/jpeg\" \/>\n<meta name=\"twitter:card\" content=\"summary_large_image\" \/>\n<meta name=\"twitter:label1\" content=\"Tiempo de lectura\" \/>\n\t<meta name=\"twitter:data1\" content=\"4 minutos\" \/>\n<script type=\"application\/ld+json\" class=\"yoast-schema-graph\">{\"@context\":\"https:\/\/schema.org\",\"@graph\":[{\"@type\":\"WebPage\",\"@id\":\"https:\/\/www.greattripworld.com\/es\/tours-cusco\/cusco-classic-tours\/cusco-vip-sacred-valley-buffet-lunch-full-day-group-service\/\",\"url\":\"https:\/\/www.greattripworld.com\/es\/tours-cusco\/cusco-classic-tours\/cusco-vip-sacred-valley-buffet-lunch-full-day-group-service\/\",\"name\":\"CUSCO: VALLE SAGRADO VIP + ALMUERZO BUFFET (full day) SERVICIO EN GRUPO | Great Trip World: Tour Peru - Bolivia\",\"isPartOf\":{\"@id\":\"https:\/\/www.greattripworld.com\/es\/#website\"},\"primaryImageOfPage\":{\"@id\":\"https:\/\/www.greattripworld.com\/es\/tours-cusco\/cusco-classic-tours\/cusco-vip-sacred-valley-buffet-lunch-full-day-group-service\/#primaryimage\"},\"image\":{\"@id\":\"https:\/\/www.greattripworld.com\/es\/tours-cusco\/cusco-classic-tours\/cusco-vip-sacred-valley-buffet-lunch-full-day-group-service\/#primaryimage\"},\"thumbnailUrl\":\"https:\/\/www.greattripworld.com\/wp-content\/uploads\/2020\/03\/cusco-valle-sagrado-montana-colores_7.jpg\",\"datePublished\":\"2020-01-18T15:56:20+00:00\",\"dateModified\":\"2025-11-25T19:02:15+00:00\",\"breadcrumb\":{\"@id\":\"https:\/\/www.greattripworld.com\/es\/tours-cusco\/cusco-classic-tours\/cusco-vip-sacred-valley-buffet-lunch-full-day-group-service\/#breadcrumb\"},\"inLanguage\":\"es\",\"potentialAction\":[{\"@type\":\"ReadAction\",\"target\":[\"https:\/\/www.greattripworld.com\/es\/tours-cusco\/cusco-classic-tours\/cusco-vip-sacred-valley-buffet-lunch-full-day-group-service\/\"]}]},{\"@type\":\"ImageObject\",\"inLanguage\":\"es\",\"@id\":\"https:\/\/www.greattripworld.com\/es\/tours-cusco\/cusco-classic-tours\/cusco-vip-sacred-valley-buffet-lunch-full-day-group-service\/#primaryimage\",\"url\":\"https:\/\/www.greattripworld.com\/wp-content\/uploads\/2020\/03\/cusco-valle-sagrado-montana-colores_7.jpg\",\"contentUrl\":\"https:\/\/www.greattripworld.com\/wp-content\/uploads\/2020\/03\/cusco-valle-sagrado-montana-colores_7.jpg\",\"width\":820,\"height\":450},{\"@type\":\"BreadcrumbList\",\"@id\":\"https:\/\/www.greattripworld.com\/es\/tours-cusco\/cusco-classic-tours\/cusco-vip-sacred-valley-buffet-lunch-full-day-group-service\/#breadcrumb\",\"itemListElement\":[{\"@type\":\"ListItem\",\"position\":1,\"name\":\"Portada\",\"item\":\"https:\/\/www.greattripworld.com\/es\/\"},{\"@type\":\"ListItem\",\"position\":2,\"name\":\"CUSCO &#8211; MACHUPICCHU\",\"item\":\"https:\/\/www.greattripworld.com\/es\/tours-cusco\/\"},{\"@type\":\"ListItem\",\"position\":3,\"name\":\"CUSCO: TOURS CLASICOS\",\"item\":\"https:\/\/www.greattripworld.com\/es\/tours-cusco\/cusco-classic-tours\/\"},{\"@type\":\"ListItem\",\"position\":4,\"name\":\"CUSCO: VALLE SAGRADO VIP + ALMUERZO BUFFET (full day) SERVICIO EN GRUPO\"}]},{\"@type\":\"WebSite\",\"@id\":\"https:\/\/www.greattripworld.com\/es\/#website\",\"url\":\"https:\/\/www.greattripworld.com\/es\/\",\"name\":\"Great Trip World: Tour Peru - Bolivia\",\"description\":\"GREAT TRIP &lt;span&gt;WORLD&lt;\/span&gt;\",\"publisher\":{\"@id\":\"https:\/\/www.greattripworld.com\/es\/#organization\"},\"potentialAction\":[{\"@type\":\"SearchAction\",\"target\":{\"@type\":\"EntryPoint\",\"urlTemplate\":\"https:\/\/www.greattripworld.com\/es\/?s={search_term_string}\"},\"query-input\":{\"@type\":\"PropertyValueSpecification\",\"valueRequired\":true,\"valueName\":\"search_term_string\"}}],\"inLanguage\":\"es\"},{\"@type\":\"Organization\",\"@id\":\"https:\/\/www.greattripworld.com\/es\/#organization\",\"name\":\"Great Trip World E.I.R.L.\",\"url\":\"https:\/\/www.greattripworld.com\/es\/\",\"logo\":{\"@type\":\"ImageObject\",\"inLanguage\":\"es\",\"@id\":\"https:\/\/www.greattripworld.com\/es\/#\/schema\/logo\/image\/\",\"url\":\"https:\/\/www.greattripworld.com\/wp-content\/uploads\/2024\/07\/logo.svg\",\"contentUrl\":\"https:\/\/www.greattripworld.com\/wp-content\/uploads\/2024\/07\/logo.svg\",\"width\":1972,\"height\":815,\"caption\":\"Great Trip World E.I.R.L.\"},\"image\":{\"@id\":\"https:\/\/www.greattripworld.com\/es\/#\/schema\/logo\/image\/\"}}]}<\/script>\n<!-- \/ Yoast SEO plugin. -->","yoast_head_json":{"title":"CUSCO: VALLE SAGRADO VIP + ALMUERZO BUFFET (full day) SERVICIO EN GRUPO | Great Trip World: Tour Peru - Bolivia","robots":{"index":"index","follow":"follow","max-snippet":"max-snippet:-1","max-image-preview":"max-image-preview:large","max-video-preview":"max-video-preview:-1"},"canonical":"https:\/\/www.greattripworld.com\/es\/tours-cusco\/cusco-classic-tours\/cusco-vip-sacred-valley-buffet-lunch-full-day-group-service\/","og_locale":"es_ES","og_type":"article","og_title":"CUSCO: VALLE SAGRADO VIP + ALMUERZO BUFFET (full day) SERVICIO EN GRUPO | Great Trip World: Tour Peru - Bolivia","og_description":"Para aquellos que quieran aprovechar al m\u00e1ximo su tiempo y visitar todo el Valle Sagrado de los Incas en un solo un d\u00eda, traemos el Valle Sagrado VIP, diferenci\u00e1ndose del valle sagrado full day en la visita de Maras y Moray.","og_url":"https:\/\/www.greattripworld.com\/es\/tours-cusco\/cusco-classic-tours\/cusco-vip-sacred-valley-buffet-lunch-full-day-group-service\/","og_site_name":"Great Trip World: Tour Peru - Bolivia","article_modified_time":"2025-11-25T19:02:15+00:00","og_image":[{"width":820,"height":450,"url":"https:\/\/www.greattripworld.com\/wp-content\/uploads\/2020\/03\/cusco-valle-sagrado-montana-colores_7.jpg","type":"image\/jpeg"}],"twitter_card":"summary_large_image","twitter_misc":{"Tiempo de lectura":"4 minutos"},"schema":{"@context":"https:\/\/schema.org","@graph":[{"@type":"WebPage","@id":"https:\/\/www.greattripworld.com\/es\/tours-cusco\/cusco-classic-tours\/cusco-vip-sacred-valley-buffet-lunch-full-day-group-service\/","url":"https:\/\/www.greattripworld.com\/es\/tours-cusco\/cusco-classic-tours\/cusco-vip-sacred-valley-buffet-lunch-full-day-group-service\/","name":"CUSCO: VALLE SAGRADO VIP + ALMUERZO BUFFET (full day) SERVICIO EN GRUPO | Great Trip World: Tour Peru - Bolivia","isPartOf":{"@id":"https:\/\/www.greattripworld.com\/es\/#website"},"primaryImageOfPage":{"@id":"https:\/\/www.greattripworld.com\/es\/tours-cusco\/cusco-classic-tours\/cusco-vip-sacred-valley-buffet-lunch-full-day-group-service\/#primaryimage"},"image":{"@id":"https:\/\/www.greattripworld.com\/es\/tours-cusco\/cusco-classic-tours\/cusco-vip-sacred-valley-buffet-lunch-full-day-group-service\/#primaryimage"},"thumbnailUrl":"https:\/\/www.greattripworld.com\/wp-content\/uploads\/2020\/03\/cusco-valle-sagrado-montana-colores_7.jpg","datePublished":"2020-01-18T15:56:20+00:00","dateModified":"2025-11-25T19:02:15+00:00","breadcrumb":{"@id":"https:\/\/www.greattripworld.com\/es\/tours-cusco\/cusco-classic-tours\/cusco-vip-sacred-valley-buffet-lunch-full-day-group-service\/#breadcrumb"},"inLanguage":"es","potentialAction":[{"@type":"ReadAction","target":["https:\/\/www.greattripworld.com\/es\/tours-cusco\/cusco-classic-tours\/cusco-vip-sacred-valley-buffet-lunch-full-day-group-service\/"]}]},{"@type":"ImageObject","inLanguage":"es","@id":"https:\/\/www.greattripworld.com\/es\/tours-cusco\/cusco-classic-tours\/cusco-vip-sacred-valley-buffet-lunch-full-day-group-service\/#primaryimage","url":"https:\/\/www.greattripworld.com\/wp-content\/uploads\/2020\/03\/cusco-valle-sagrado-montana-colores_7.jpg","contentUrl":"https:\/\/www.greattripworld.com\/wp-content\/uploads\/2020\/03\/cusco-valle-sagrado-montana-colores_7.jpg","width":820,"height":450},{"@type":"BreadcrumbList","@id":"https:\/\/www.greattripworld.com\/es\/tours-cusco\/cusco-classic-tours\/cusco-vip-sacred-valley-buffet-lunch-full-day-group-service\/#breadcrumb","itemListElement":[{"@type":"ListItem","position":1,"name":"Portada","item":"https:\/\/www.greattripworld.com\/es\/"},{"@type":"ListItem","position":2,"name":"CUSCO &#8211; MACHUPICCHU","item":"https:\/\/www.greattripworld.com\/es\/tours-cusco\/"},{"@type":"ListItem","position":3,"name":"CUSCO: TOURS CLASICOS","item":"https:\/\/www.greattripworld.com\/es\/tours-cusco\/cusco-classic-tours\/"},{"@type":"ListItem","position":4,"name":"CUSCO: VALLE SAGRADO VIP + ALMUERZO BUFFET (full day) SERVICIO EN GRUPO"}]},{"@type":"WebSite","@id":"https:\/\/www.greattripworld.com\/es\/#website","url":"https:\/\/www.greattripworld.com\/es\/","name":"Great Trip World: Tour Peru - Bolivia","description":"GREAT TRIP &lt;span&gt;WORLD&lt;\/span&gt;","publisher":{"@id":"https:\/\/www.greattripworld.com\/es\/#organization"},"potentialAction":[{"@type":"SearchAction","target":{"@type":"EntryPoint","urlTemplate":"https:\/\/www.greattripworld.com\/es\/?s={search_term_string}"},"query-input":{"@type":"PropertyValueSpecification","valueRequired":true,"valueName":"search_term_string"}}],"inLanguage":"es"},{"@type":"Organization","@id":"https:\/\/www.greattripworld.com\/es\/#organization","name":"Great Trip World E.I.R.L.","url":"https:\/\/www.greattripworld.com\/es\/","logo":{"@type":"ImageObject","inLanguage":"es","@id":"https:\/\/www.greattripworld.com\/es\/#\/schema\/logo\/image\/","url":"https:\/\/www.greattripworld.com\/wp-content\/uploads\/2024\/07\/logo.svg","contentUrl":"https:\/\/www.greattripworld.com\/wp-content\/uploads\/2024\/07\/logo.svg","width":1972,"height":815,"caption":"Great Trip World E.I.R.L."},"image":{"@id":"https:\/\/www.greattripworld.com\/es\/#\/schema\/logo\/image\/"}}]}},"_links":{"self":[{"href":"https:\/\/www.greattripworld.com\/es\/wp-json\/wp\/v2\/pages\/1230","targetHints":{"allow":["GET"]}}],"collection":[{"href":"https:\/\/www.greattripworld.com\/es\/wp-json\/wp\/v2\/pages"}],"about":[{"href":"https:\/\/www.greattripworld.com\/es\/wp-json\/wp\/v2\/types\/page"}],"author":[{"embeddable":true,"href":"https:\/\/www.greattripworld.com\/es\/wp-json\/wp\/v2\/users\/2"}],"replies":[{"embeddable":true,"href":"https:\/\/www.greattripworld.com\/es\/wp-json\/wp\/v2\/comments?post=1230"}],"version-history":[{"count":0,"href":"https:\/\/www.greattripworld.com\/es\/wp-json\/wp\/v2\/pages\/1230\/revisions"}],"up":[{"embeddable":true,"href":"https:\/\/www.greattripworld.com\/es\/wp-json\/wp\/v2\/pages\/1076"}],"wp:featuredmedia":[{"embeddable":true,"href":"https:\/\/www.greattripworld.com\/es\/wp-json\/wp\/v2\/media\/847"}],"wp:attachment":[{"href":"https:\/\/www.greattripworld.com\/es\/wp-json\/wp\/v2\/media?parent=1230"}],"curies":[{"name":"wp","href":"https:\/\/api.w.org\/{rel}","templated":true}]}}