{"id":1170,"date":"2020-01-04T11:14:10","date_gmt":"2020-01-04T16:14:10","guid":{"rendered":"https:\/\/www.greattripworld.com\/es\/?page_id=1170"},"modified":"2025-11-25T13:59:35","modified_gmt":"2025-11-25T18:59:35","slug":"sun-island-full-day-puno-sun-island-puno-collective-service","status":"publish","type":"page","link":"https:\/\/www.greattripworld.com\/es\/tours-puno\/lago-titicaca\/sun-island-full-day-puno-sun-island-puno-collective-service\/","title":{"rendered":"KAYAKING ISLAS FLOTANTES DE LOS UROS \/ Medio d\u00eda"},"content":{"rendered":"<p>Este tour tiene una duraci\u00f3n de 4 horas. Recojo desde su Hotel y traslado al puerto. Luego nuestro gu\u00eda instructor nos dar\u00e1 las indicaciones y entregar\u00e1 nuestro equipo profesional de kayak. Durante el trayecto observaremos la biodiversidad del Lago Titicaca (flora y fauna). Finalmente arribaremos a la Isla de los Uros y nuestro gu\u00eda nos dar\u00e1 una explicaci\u00f3n completa sobre el pueblo de los Uros. Retorno a Puno en lancha a motor colectivo y traslado hasta su Hotel.<\/p>\n<p><!--more--><\/p>\n<div class=\"in-block no-border\">\n<div id=\"ph-multi-1170\" class=\"carousel ph-slider tour-slider slide\" data-ride=\"carousel\" data-interval=\"4000\" data-pause=\"hover\">\n<ol class=\"carousel-indicators\">\n<li data-target=\"#ph-multi-1170\" data-slide-to=\"0\" class=\"active\"><\/li>\n<li data-target=\"#ph-multi-1170\" data-slide-to=\"1\"><\/li>\n<li data-target=\"#ph-multi-1170\" data-slide-to=\"2\"><\/li>\n<\/ol>\n<div class=\"carousel-inner\" role=\"listbox\">\n<div class=\"slide-loader\"><\/div>\n<div class=\"item active\"><img loading=\"lazy\" decoding=\"async\" class=\"alignnone size-full wp-image-686\" src=\"https:\/\/www.greattripworld.com\/wp-content\/uploads\/2020\/03\/kayaking-uros-great-trip-titikaka_1.jpg\" alt=\"\" width=\"820\" height=\"450\" srcset=\"https:\/\/www.greattripworld.com\/wp-content\/uploads\/2020\/03\/kayaking-uros-great-trip-titikaka_1.jpg 820w, https:\/\/www.greattripworld.com\/wp-content\/uploads\/2020\/03\/kayaking-uros-great-trip-titikaka_1-600x329.jpg 600w, https:\/\/www.greattripworld.com\/wp-content\/uploads\/2020\/03\/kayaking-uros-great-trip-titikaka_1-768x421.jpg 768w, https:\/\/www.greattripworld.com\/wp-content\/uploads\/2020\/03\/kayaking-uros-great-trip-titikaka_1-60x33.jpg 60w\" sizes=\"auto, (max-width: 820px) 100vw, 820px\" \/> <\/div>\n<div class=\"item\"><img loading=\"lazy\" decoding=\"async\" class=\"alignnone size-full wp-image-682\" src=\"https:\/\/www.greattripworld.com\/wp-content\/uploads\/2020\/03\/kayaking-uros-great-trip-titikaka_5.jpg\" alt=\"\" width=\"820\" height=\"450\" srcset=\"https:\/\/www.greattripworld.com\/wp-content\/uploads\/2020\/03\/kayaking-uros-great-trip-titikaka_5.jpg 820w, https:\/\/www.greattripworld.com\/wp-content\/uploads\/2020\/03\/kayaking-uros-great-trip-titikaka_5-600x329.jpg 600w, https:\/\/www.greattripworld.com\/wp-content\/uploads\/2020\/03\/kayaking-uros-great-trip-titikaka_5-768x421.jpg 768w, https:\/\/www.greattripworld.com\/wp-content\/uploads\/2020\/03\/kayaking-uros-great-trip-titikaka_5-60x33.jpg 60w\" sizes=\"auto, (max-width: 820px) 100vw, 820px\" \/> <\/div>\n<div class=\"item\"><img loading=\"lazy\" decoding=\"async\" class=\"alignnone size-full wp-image-684\" src=\"https:\/\/www.greattripworld.com\/wp-content\/uploads\/2020\/03\/kayaking-uros-great-trip-titikaka_3.jpg\" alt=\"\" width=\"820\" height=\"450\" srcset=\"https:\/\/www.greattripworld.com\/wp-content\/uploads\/2020\/03\/kayaking-uros-great-trip-titikaka_3.jpg 820w, https:\/\/www.greattripworld.com\/wp-content\/uploads\/2020\/03\/kayaking-uros-great-trip-titikaka_3-600x329.jpg 600w, https:\/\/www.greattripworld.com\/wp-content\/uploads\/2020\/03\/kayaking-uros-great-trip-titikaka_3-768x421.jpg 768w, https:\/\/www.greattripworld.com\/wp-content\/uploads\/2020\/03\/kayaking-uros-great-trip-titikaka_3-60x33.jpg 60w\" sizes=\"auto, (max-width: 820px) 100vw, 820px\" \/> \u00a0\u00a0\u00a0\u00a0<\/p>\n<\/div>\n<p><a class=\"carousel-control left\" href=\"#ph-multi-1170\" data-slide=\"prev\"><i class=\"icon icon-arrow-left\"><\/i><\/a><a class=\"carousel-control right\" href=\"#ph-multi-1170\" data-slide=\"next\"><i class=\"icon icon-arrow-right\"><\/i><\/a><\/div>\n<\/div>\n<\/div>\n<nav id=\"menu-anchor\" class=\"menu-anchor\">\n<div class=\"container-fluid\">\n<ul class=\"tab-navi\">\n<li id=\"item-1\" class=\"tab-item\"><a href=\"javascript:void(0)\">Resumen<\/a><\/li>\n<li id=\"item-2\" class=\"tab-item\"><a href=\"javascript:void(0)\"> Incluye<\/a><\/li>\n<li id=\"item-3\" class=\"tab-item\"><a href=\"javascript:void(0)\"> Qu\u00e9 llevar<\/a><\/li>\n<li id=\"item-4\" class=\"tab-item\"><a href=\"javascript:void(0)\"> Precios<\/a><\/li>\n<li id=\"item-testimonials\" class=\"tab-item\"><a href=\"javascript:void(0)\"> Rese\u00f1as<\/a><\/li>\n<\/ul>\n<\/div>\n<\/nav>\n<h3>RESUMEN:<\/h3>\n<h1 class=\"page-title \">KAYAKING ISLAS FLOTANTES DE LOS UROS \/ Medio d\u00eda<\/h1>\n<div class=\"glsr glsr-default\" id=\"glsr_46dcab2b\" data-from=\"shortcode\" data-shortcode=\"site_reviews_summary\" data-hide=\"rating\">\n<div class=\"glsr-summary-wrap\">\n<div class=\"glsr-summary\">\n<div class=\"glsr-summary-stars\">\n<div class=\"glsr-star-rating glsr-stars\" role=\"img\" aria-label=\"Valorado con 0 de 5 estrellas\" data-rating=\"0\" data-reviews=\"0\"><span class=\"glsr-star glsr-star-empty\" aria-hidden=\"true\"><\/span><span class=\"glsr-star glsr-star-empty\" aria-hidden=\"true\"><\/span><span class=\"glsr-star glsr-star-empty\" aria-hidden=\"true\"><\/span><span class=\"glsr-star glsr-star-empty\" aria-hidden=\"true\"><\/span><span class=\"glsr-star glsr-star-empty\" aria-hidden=\"true\"><\/span><\/div>\n<\/div>\n<div class=\"glsr-summary-text\"><span class=\"glsr-tag-value\">0,0 de 5 estrellas (basado en 0 rese\u00f1as)<\/span><\/div>\n<div class=\"glsr-summary-percentages\">\n<div class=\"glsr-bar\" data-level=\"5\"><span class=\"glsr-bar-label\">Excelente<\/span><span class=\"glsr-bar-background\"><span class=\"glsr-bar-background-percent\" style=\"width:0%\"><\/span><\/span><span class=\"glsr-bar-percent\">0%<\/span><\/div>\n<div class=\"glsr-bar\" data-level=\"4\"><span class=\"glsr-bar-label\">Muy buena<\/span><span class=\"glsr-bar-background\"><span class=\"glsr-bar-background-percent\" style=\"width:0%\"><\/span><\/span><span class=\"glsr-bar-percent\">0%<\/span><\/div>\n<div class=\"glsr-bar\" data-level=\"3\"><span class=\"glsr-bar-label\">Media<\/span><span class=\"glsr-bar-background\"><span class=\"glsr-bar-background-percent\" style=\"width:0%\"><\/span><\/span><span class=\"glsr-bar-percent\">0%<\/span><\/div>\n<div class=\"glsr-bar\" data-level=\"2\"><span class=\"glsr-bar-label\">Mala<\/span><span class=\"glsr-bar-background\"><span class=\"glsr-bar-background-percent\" style=\"width:0%\"><\/span><\/span><span class=\"glsr-bar-percent\">0%<\/span><\/div>\n<div class=\"glsr-bar\" data-level=\"1\"><span class=\"glsr-bar-label\">Muy mala<\/span><span class=\"glsr-bar-background\"><span class=\"glsr-bar-background-percent\" style=\"width:0%\"><\/span><\/span><span class=\"glsr-bar-percent\">0%<\/span><\/div>\n<\/div><\/div>\n<\/div>\n<\/div>\n<div class=\"row\">\n<div class=\"col-sm-12\">\n<p class=\"condition-wrap\"><span class=\"badge badge-orange\"><i class=\"icon icon-check\"><\/i> Servicio operativo<\/span><span class=\"badge badge-green-dark ph-tooltip ph-tooltip-medium\" data-title=\"Si anulas tu reserva hasta 48 horas antes del inicio de la actividad, te devolveremos el 100% del adelanto que pagaste para realizar la reserva.\">Anulaci\u00f3n gratuita<\/span><span class=\"badge badge-green ph-tooltip ph-tooltip-medium\" data-title=\"Puedes reprogramar tu reserva sin costo adicional hasta 48 horas antes del inicio de la actividad.\">Reprogramaci\u00f3n gratuita<\/span><\/p>\n<\/div>\n<\/div>\n<p>Este tour tiene una duraci\u00f3n de 4 horas. Recojo desde su Hotel y traslado al puerto. Luego nuestro gu\u00eda instructor nos dar\u00e1 las indicaciones y entregar\u00e1 nuestro equipo profesional de kayak. Durante el trayecto observaremos la biodiversidad del Lago Titicaca (flora y fauna). Finalmente arribaremos a la Isla de los Uros y nuestro gu\u00eda nos dar\u00e1 una explicaci\u00f3n completa sobre el pueblo de los Uros. Retorno a Puno en lancha a motor colectivo y traslado hasta su Hotel.<\/p>\n<hr \/>\n<div class=\"row\">\n<div class=\"col-sm-4 tour-summary\">\n<h5 class=\"summary-title\"><i class=\"icon icon-dollars\"><\/i> Precio por persona<\/h5>\n<p class=\"summary-price\"><b>Desde:<\/b> USD 32.00<\/p>\n<\/div>\n<div class=\"col-sm-4 tour-summary\">\n<h5 class=\"summary-title\"><i class=\"icon icon-clock\"><\/i> Horarios<\/h5>\n<ul class=\"summary-price\">\n<li>8:20 AM a 12:30 PM<\/li>\n<\/ul>\n<\/div>\n<div class=\"col-sm-4 tour-summary\">\n<h5 class=\"summary-title\"><i class=\"icon icon-dollars\"><\/i> Duraci\u00f3n<\/h5>\n<p class=\"summary-price\">4 horas aproximadamente <\/p>\n<\/div>\n<\/div>\n<hr \/>\n<h3><span style=\"color: #167d00;\">NUESTROS SERVICIOS INCLUYEN \/ NO INCLUYEN:<\/span><\/h3>\n<div class=\"row\">\n<div class=\"col-sm-6 column yes\">\n<ul>\n<li>Transfer hotel-puerto-hotel<\/li>\n<li>Gu\u00eda instructor (ingl\u00e9s y espa\u00f1ol)<\/li>\n<li>Lancha a motor y personal de apoyo<\/li>\n<li>Tickets de ingreso a las islas.<\/li>\n<li>Todo el equipo de aventura + Sea Kayac<\/li>\n<li>Botiqu\u00edn de primeros auxilios y radio.<\/li>\n<\/ul>\n<\/div>\n<div class=\"col-sm-6 column not\">\n<ul>\n<li>Gastos no mencionados.<\/li>\n<li>Adicional USD$ 5. Por persona, recojo de los siguientes Hoteles:\n<ul>\n<li>Xima Puno Hotel.<\/li>\n<li>Casa Andina Private Collecti\u00f3n.<\/li>\n<li>Hotel Libertador.<\/li>\n<li>Hotel Mirador del Titikaka.<\/li>\n<li>Hotel Sonesta Posada del Inca.<\/li>\n<\/ul>\n<\/li>\n<li>Divertido paseo en botes de Totora (opcional &#8211; no incluido) 15 soles<\/li>\n<\/ul>\n<\/div>\n<\/div>\n<hr \/>\n<h3><span style=\"color: #167d00;\">RECOMENDACIONES:<\/span><\/h3>\n<ul>\n<li>Ropa ligera y abrigadora.<\/li>\n<li>Bloqueador solar.<\/li>\n<li>Lentes para sol<\/li>\n<\/ul>\n<hr \/>\n<h3><span style=\"color: #167d00;\">PRECIOS:<\/span><\/h3>\n<ul>\n<li>\n<p>Precio solamente en base a 2 personas a m\u00e1s:<\/p>\n<ul>\n<li>Adulto :\u00a0 \u00a0 \u00a0 \u00a0 \u00a0 \u00a0 \u00a0 \u00a0 \u00a0 \u00a0 \u00a0 \u00a0US$ 32. por persona.<\/li>\n<li>Ni\u00f1o(6 a 12 a\u00f1os):\u00a0 \u00a0 \u00a0 \u00a0US$ 30. Por persona<\/li>\n<li>Infante: (0 a 5 a\u00f1os)\u00a0 \u00a0 \u00a0Sin cargo<\/li>\n<\/ul>\n<\/li>\n<\/ul>\n<hr \/>\n<h3><span style=\"color: #167d00;\">ITINERARIO:<\/span><\/h3>\n<p>08:00h. \u2013 08:30h. Recojo desde su Hotel en Puno, Recepci\u00f3n de equipos e instrucciones de parte del gu\u00eda, luego saldremos desde el puerto con nuestro instructor dirigi\u00e9ndonos a las Islas de los Uros, nuestra llegada ser\u00e1 aprox. 10:10h. Luego visitaremos la Isla de los Uros y retorno a Puno en lancha colectiva a motor a las 12:30 aprox.<\/p>\n","protected":false},"excerpt":{"rendered":"<p>Este tour tiene una duraci\u00f3n de 4 horas. Recojo desde su Hotel y traslado al puerto. Luego nuestro gu\u00eda instructor nos dar\u00e1 las indicaciones y entregar\u00e1 nuestro equipo profesional de kayak. Durante el trayecto observaremos la biodiversidad del Lago Titicaca (flora y fauna). Finalmente arribaremos a la Isla de los Uros y nuestro gu\u00eda nos [&hellip;]<\/p>\n","protected":false},"author":2,"featured_media":686,"parent":80,"menu_order":7,"comment_status":"closed","ping_status":"closed","template":"page-tour.php","meta":{"_glsr_average":0,"_glsr_ranking":0,"_glsr_reviews":0,"footnotes":""},"class_list":["post-1170","page","type-page","status-publish","has-post-thumbnail","hentry"],"yoast_head":"<!-- This site is optimized with the Yoast SEO plugin v26.6 - https:\/\/yoast.com\/wordpress\/plugins\/seo\/ -->\n<title>KAYAKING ISLAS FLOTANTES DE LOS UROS \/ Medio d\u00eda | Great Trip World: Tour Peru - Bolivia<\/title>\n<meta name=\"robots\" content=\"index, follow, max-snippet:-1, max-image-preview:large, max-video-preview:-1\" \/>\n<link rel=\"canonical\" href=\"https:\/\/www.greattripworld.com\/es\/tours-puno\/lago-titicaca\/sun-island-full-day-puno-sun-island-puno-collective-service\/\" \/>\n<meta property=\"og:locale\" content=\"es_ES\" \/>\n<meta property=\"og:type\" content=\"article\" \/>\n<meta property=\"og:title\" content=\"KAYAKING ISLAS FLOTANTES DE LOS UROS \/ Medio d\u00eda | Great Trip World: Tour Peru - Bolivia\" \/>\n<meta property=\"og:description\" content=\"Este tour tiene una duraci\u00f3n de 4 horas. Recojo desde su Hotel y traslado al puerto. Luego nuestro gu\u00eda instructor nos dar\u00e1 las indicaciones y entregar\u00e1 nuestro equipo profesional de kayak. Durante el trayecto observaremos la biodiversidad del Lago Titicaca (flora y fauna). Finalmente arribaremos a la Isla de los Uros y nuestro gu\u00eda nos [&hellip;]\" \/>\n<meta property=\"og:url\" content=\"https:\/\/www.greattripworld.com\/es\/tours-puno\/lago-titicaca\/sun-island-full-day-puno-sun-island-puno-collective-service\/\" \/>\n<meta property=\"og:site_name\" content=\"Great Trip World: Tour Peru - Bolivia\" \/>\n<meta property=\"article:modified_time\" content=\"2025-11-25T18:59:35+00:00\" \/>\n<meta property=\"og:image\" content=\"https:\/\/www.greattripworld.com\/wp-content\/uploads\/2020\/03\/kayaking-uros-great-trip-titikaka_1.jpg\" \/>\n\t<meta property=\"og:image:width\" content=\"820\" \/>\n\t<meta property=\"og:image:height\" content=\"450\" \/>\n\t<meta property=\"og:image:type\" content=\"image\/jpeg\" \/>\n<meta name=\"twitter:card\" content=\"summary_large_image\" \/>\n<meta name=\"twitter:label1\" content=\"Tiempo de lectura\" \/>\n\t<meta name=\"twitter:data1\" content=\"3 minutos\" \/>\n<script type=\"application\/ld+json\" class=\"yoast-schema-graph\">{\"@context\":\"https:\/\/schema.org\",\"@graph\":[{\"@type\":\"WebPage\",\"@id\":\"https:\/\/www.greattripworld.com\/es\/tours-puno\/lago-titicaca\/sun-island-full-day-puno-sun-island-puno-collective-service\/\",\"url\":\"https:\/\/www.greattripworld.com\/es\/tours-puno\/lago-titicaca\/sun-island-full-day-puno-sun-island-puno-collective-service\/\",\"name\":\"KAYAKING ISLAS FLOTANTES DE LOS UROS \/ Medio d\u00eda | Great Trip World: Tour Peru - Bolivia\",\"isPartOf\":{\"@id\":\"https:\/\/www.greattripworld.com\/es\/#website\"},\"primaryImageOfPage\":{\"@id\":\"https:\/\/www.greattripworld.com\/es\/tours-puno\/lago-titicaca\/sun-island-full-day-puno-sun-island-puno-collective-service\/#primaryimage\"},\"image\":{\"@id\":\"https:\/\/www.greattripworld.com\/es\/tours-puno\/lago-titicaca\/sun-island-full-day-puno-sun-island-puno-collective-service\/#primaryimage\"},\"thumbnailUrl\":\"https:\/\/www.greattripworld.com\/wp-content\/uploads\/2020\/03\/kayaking-uros-great-trip-titikaka_1.jpg\",\"datePublished\":\"2020-01-04T16:14:10+00:00\",\"dateModified\":\"2025-11-25T18:59:35+00:00\",\"breadcrumb\":{\"@id\":\"https:\/\/www.greattripworld.com\/es\/tours-puno\/lago-titicaca\/sun-island-full-day-puno-sun-island-puno-collective-service\/#breadcrumb\"},\"inLanguage\":\"es\",\"potentialAction\":[{\"@type\":\"ReadAction\",\"target\":[\"https:\/\/www.greattripworld.com\/es\/tours-puno\/lago-titicaca\/sun-island-full-day-puno-sun-island-puno-collective-service\/\"]}]},{\"@type\":\"ImageObject\",\"inLanguage\":\"es\",\"@id\":\"https:\/\/www.greattripworld.com\/es\/tours-puno\/lago-titicaca\/sun-island-full-day-puno-sun-island-puno-collective-service\/#primaryimage\",\"url\":\"https:\/\/www.greattripworld.com\/wp-content\/uploads\/2020\/03\/kayaking-uros-great-trip-titikaka_1.jpg\",\"contentUrl\":\"https:\/\/www.greattripworld.com\/wp-content\/uploads\/2020\/03\/kayaking-uros-great-trip-titikaka_1.jpg\",\"width\":820,\"height\":450},{\"@type\":\"BreadcrumbList\",\"@id\":\"https:\/\/www.greattripworld.com\/es\/tours-puno\/lago-titicaca\/sun-island-full-day-puno-sun-island-puno-collective-service\/#breadcrumb\",\"itemListElement\":[{\"@type\":\"ListItem\",\"position\":1,\"name\":\"Portada\",\"item\":\"https:\/\/www.greattripworld.com\/es\/\"},{\"@type\":\"ListItem\",\"position\":2,\"name\":\"PUNO &#8211; TITICACA\",\"item\":\"https:\/\/www.greattripworld.com\/es\/tours-puno\/\"},{\"@type\":\"ListItem\",\"position\":3,\"name\":\"PUNO: TOURS CLASICOS\",\"item\":\"https:\/\/www.greattripworld.com\/es\/tours-puno\/lago-titicaca\/\"},{\"@type\":\"ListItem\",\"position\":4,\"name\":\"KAYAKING ISLAS FLOTANTES DE LOS UROS \/ Medio d\u00eda\"}]},{\"@type\":\"WebSite\",\"@id\":\"https:\/\/www.greattripworld.com\/es\/#website\",\"url\":\"https:\/\/www.greattripworld.com\/es\/\",\"name\":\"Great Trip World: Tour Peru - Bolivia\",\"description\":\"GREAT TRIP &lt;span&gt;WORLD&lt;\/span&gt;\",\"publisher\":{\"@id\":\"https:\/\/www.greattripworld.com\/es\/#organization\"},\"potentialAction\":[{\"@type\":\"SearchAction\",\"target\":{\"@type\":\"EntryPoint\",\"urlTemplate\":\"https:\/\/www.greattripworld.com\/es\/?s={search_term_string}\"},\"query-input\":{\"@type\":\"PropertyValueSpecification\",\"valueRequired\":true,\"valueName\":\"search_term_string\"}}],\"inLanguage\":\"es\"},{\"@type\":\"Organization\",\"@id\":\"https:\/\/www.greattripworld.com\/es\/#organization\",\"name\":\"Great Trip World E.I.R.L.\",\"url\":\"https:\/\/www.greattripworld.com\/es\/\",\"logo\":{\"@type\":\"ImageObject\",\"inLanguage\":\"es\",\"@id\":\"https:\/\/www.greattripworld.com\/es\/#\/schema\/logo\/image\/\",\"url\":\"https:\/\/www.greattripworld.com\/wp-content\/uploads\/2024\/07\/logo.svg\",\"contentUrl\":\"https:\/\/www.greattripworld.com\/wp-content\/uploads\/2024\/07\/logo.svg\",\"width\":1972,\"height\":815,\"caption\":\"Great Trip World E.I.R.L.\"},\"image\":{\"@id\":\"https:\/\/www.greattripworld.com\/es\/#\/schema\/logo\/image\/\"}}]}<\/script>\n<!-- \/ Yoast SEO plugin. -->","yoast_head_json":{"title":"KAYAKING ISLAS FLOTANTES DE LOS UROS \/ Medio d\u00eda | Great Trip World: Tour Peru - Bolivia","robots":{"index":"index","follow":"follow","max-snippet":"max-snippet:-1","max-image-preview":"max-image-preview:large","max-video-preview":"max-video-preview:-1"},"canonical":"https:\/\/www.greattripworld.com\/es\/tours-puno\/lago-titicaca\/sun-island-full-day-puno-sun-island-puno-collective-service\/","og_locale":"es_ES","og_type":"article","og_title":"KAYAKING ISLAS FLOTANTES DE LOS UROS \/ Medio d\u00eda | Great Trip World: Tour Peru - Bolivia","og_description":"Este tour tiene una duraci\u00f3n de 4 horas. Recojo desde su Hotel y traslado al puerto. Luego nuestro gu\u00eda instructor nos dar\u00e1 las indicaciones y entregar\u00e1 nuestro equipo profesional de kayak. Durante el trayecto observaremos la biodiversidad del Lago Titicaca (flora y fauna). Finalmente arribaremos a la Isla de los Uros y nuestro gu\u00eda nos [&hellip;]","og_url":"https:\/\/www.greattripworld.com\/es\/tours-puno\/lago-titicaca\/sun-island-full-day-puno-sun-island-puno-collective-service\/","og_site_name":"Great Trip World: Tour Peru - Bolivia","article_modified_time":"2025-11-25T18:59:35+00:00","og_image":[{"width":820,"height":450,"url":"https:\/\/www.greattripworld.com\/wp-content\/uploads\/2020\/03\/kayaking-uros-great-trip-titikaka_1.jpg","type":"image\/jpeg"}],"twitter_card":"summary_large_image","twitter_misc":{"Tiempo de lectura":"3 minutos"},"schema":{"@context":"https:\/\/schema.org","@graph":[{"@type":"WebPage","@id":"https:\/\/www.greattripworld.com\/es\/tours-puno\/lago-titicaca\/sun-island-full-day-puno-sun-island-puno-collective-service\/","url":"https:\/\/www.greattripworld.com\/es\/tours-puno\/lago-titicaca\/sun-island-full-day-puno-sun-island-puno-collective-service\/","name":"KAYAKING ISLAS FLOTANTES DE LOS UROS \/ Medio d\u00eda | Great Trip World: Tour Peru - Bolivia","isPartOf":{"@id":"https:\/\/www.greattripworld.com\/es\/#website"},"primaryImageOfPage":{"@id":"https:\/\/www.greattripworld.com\/es\/tours-puno\/lago-titicaca\/sun-island-full-day-puno-sun-island-puno-collective-service\/#primaryimage"},"image":{"@id":"https:\/\/www.greattripworld.com\/es\/tours-puno\/lago-titicaca\/sun-island-full-day-puno-sun-island-puno-collective-service\/#primaryimage"},"thumbnailUrl":"https:\/\/www.greattripworld.com\/wp-content\/uploads\/2020\/03\/kayaking-uros-great-trip-titikaka_1.jpg","datePublished":"2020-01-04T16:14:10+00:00","dateModified":"2025-11-25T18:59:35+00:00","breadcrumb":{"@id":"https:\/\/www.greattripworld.com\/es\/tours-puno\/lago-titicaca\/sun-island-full-day-puno-sun-island-puno-collective-service\/#breadcrumb"},"inLanguage":"es","potentialAction":[{"@type":"ReadAction","target":["https:\/\/www.greattripworld.com\/es\/tours-puno\/lago-titicaca\/sun-island-full-day-puno-sun-island-puno-collective-service\/"]}]},{"@type":"ImageObject","inLanguage":"es","@id":"https:\/\/www.greattripworld.com\/es\/tours-puno\/lago-titicaca\/sun-island-full-day-puno-sun-island-puno-collective-service\/#primaryimage","url":"https:\/\/www.greattripworld.com\/wp-content\/uploads\/2020\/03\/kayaking-uros-great-trip-titikaka_1.jpg","contentUrl":"https:\/\/www.greattripworld.com\/wp-content\/uploads\/2020\/03\/kayaking-uros-great-trip-titikaka_1.jpg","width":820,"height":450},{"@type":"BreadcrumbList","@id":"https:\/\/www.greattripworld.com\/es\/tours-puno\/lago-titicaca\/sun-island-full-day-puno-sun-island-puno-collective-service\/#breadcrumb","itemListElement":[{"@type":"ListItem","position":1,"name":"Portada","item":"https:\/\/www.greattripworld.com\/es\/"},{"@type":"ListItem","position":2,"name":"PUNO &#8211; TITICACA","item":"https:\/\/www.greattripworld.com\/es\/tours-puno\/"},{"@type":"ListItem","position":3,"name":"PUNO: TOURS CLASICOS","item":"https:\/\/www.greattripworld.com\/es\/tours-puno\/lago-titicaca\/"},{"@type":"ListItem","position":4,"name":"KAYAKING ISLAS FLOTANTES DE LOS UROS \/ Medio d\u00eda"}]},{"@type":"WebSite","@id":"https:\/\/www.greattripworld.com\/es\/#website","url":"https:\/\/www.greattripworld.com\/es\/","name":"Great Trip World: Tour Peru - Bolivia","description":"GREAT TRIP &lt;span&gt;WORLD&lt;\/span&gt;","publisher":{"@id":"https:\/\/www.greattripworld.com\/es\/#organization"},"potentialAction":[{"@type":"SearchAction","target":{"@type":"EntryPoint","urlTemplate":"https:\/\/www.greattripworld.com\/es\/?s={search_term_string}"},"query-input":{"@type":"PropertyValueSpecification","valueRequired":true,"valueName":"search_term_string"}}],"inLanguage":"es"},{"@type":"Organization","@id":"https:\/\/www.greattripworld.com\/es\/#organization","name":"Great Trip World E.I.R.L.","url":"https:\/\/www.greattripworld.com\/es\/","logo":{"@type":"ImageObject","inLanguage":"es","@id":"https:\/\/www.greattripworld.com\/es\/#\/schema\/logo\/image\/","url":"https:\/\/www.greattripworld.com\/wp-content\/uploads\/2024\/07\/logo.svg","contentUrl":"https:\/\/www.greattripworld.com\/wp-content\/uploads\/2024\/07\/logo.svg","width":1972,"height":815,"caption":"Great Trip World E.I.R.L."},"image":{"@id":"https:\/\/www.greattripworld.com\/es\/#\/schema\/logo\/image\/"}}]}},"_links":{"self":[{"href":"https:\/\/www.greattripworld.com\/es\/wp-json\/wp\/v2\/pages\/1170","targetHints":{"allow":["GET"]}}],"collection":[{"href":"https:\/\/www.greattripworld.com\/es\/wp-json\/wp\/v2\/pages"}],"about":[{"href":"https:\/\/www.greattripworld.com\/es\/wp-json\/wp\/v2\/types\/page"}],"author":[{"embeddable":true,"href":"https:\/\/www.greattripworld.com\/es\/wp-json\/wp\/v2\/users\/2"}],"replies":[{"embeddable":true,"href":"https:\/\/www.greattripworld.com\/es\/wp-json\/wp\/v2\/comments?post=1170"}],"version-history":[{"count":0,"href":"https:\/\/www.greattripworld.com\/es\/wp-json\/wp\/v2\/pages\/1170\/revisions"}],"up":[{"embeddable":true,"href":"https:\/\/www.greattripworld.com\/es\/wp-json\/wp\/v2\/pages\/80"}],"wp:featuredmedia":[{"embeddable":true,"href":"https:\/\/www.greattripworld.com\/es\/wp-json\/wp\/v2\/media\/686"}],"wp:attachment":[{"href":"https:\/\/www.greattripworld.com\/es\/wp-json\/wp\/v2\/media?parent=1170"}],"curies":[{"name":"wp","href":"https:\/\/api.w.org\/{rel}","templated":true}]}}